{"id":528,"date":"2021-01-20T17:31:32","date_gmt":"2021-01-20T16:31:32","guid":{"rendered":"https:\/\/palmierilegale.com\/privacy-policy\/"},"modified":"2025-05-28T09:54:36","modified_gmt":"2025-05-28T07:54:36","slug":"privacy-policy","status":"publish","type":"page","link":"https:\/\/palmierilegale.com\/pt-br\/privacy-policy\/","title":{"rendered":"Privacy Policy"},"content":{"rendered":"\n<h2 class=\"wp-block-heading\">Aviso<\/h2>\n\n\n\n<p>Nesta p\u00e1gina s\u00e3o descritas as modalidades de gest\u00e3o do site com refer\u00eancia ao tratamento dos dados pessoais dos usu\u00e1rios que o consultam.<\/p>\n\n\n\n<p>Esta \u00e9 uma informa\u00e7\u00e3o prestada tamb\u00e9m nos termos do art. 13 do Regulamento (UE) 2016\/679 \u2013 Regulamento Geral sobre a Prote\u00e7\u00e3o de Dados \u2013 para aqueles que interagem com os servi\u00e7os web acess\u00edveis eletronicamente a partir do endere\u00e7o:&nbsp;<a class=\"\" href=\"https:\/\/palmierilegale.com\/pt-br\/\">https:\/\/palmierilegale.com\/<\/a>, correspondente \u00e0 p\u00e1gina inicial do site.<\/p>\n\n\n\n<p>Esta informa\u00e7\u00e3o \u00e9 fornecida apenas para o presente site e n\u00e3o tamb\u00e9m para outros sites eventualmente consultados pelo usu\u00e1rio atrav\u00e9s de links.<\/p>\n\n\n\n<p>A pol\u00edtica de privacidade baseia-se nas diretrizes estabelecidas pelo \u201cPacote Europeu de Prote\u00e7\u00e3o de Dados\u201d que, desde 4 de maio de 2016, prev\u00ea medidas de seguran\u00e7a t\u00e9cnicas e organizacionais adequadas ao tratamento de dados, inclusive online, quanto a finalidades, m\u00e9todos, prazos e natureza das informa\u00e7\u00f5es que os respons\u00e1veis pelo tratamento devem fornecer aos titulares, bem como os direitos dos titulares.<\/p>\n\n\n\n<p>A pol\u00edtica de privacidade tamb\u00e9m se inspira na Recomenda\u00e7\u00e3o n.\u00ba 2\/2001 das autoridades europeias para a prote\u00e7\u00e3o de dados pessoais, reunidas no Grupo institu\u00eddo pelo art. 29 da Diretiva n.\u00ba 95\/46\/CE, adotada em 17 de maio de 2001, para identificar alguns requisitos m\u00ednimos para a coleta de dados pessoais online, em particular os m\u00e9todos, tempos e natureza das informa\u00e7\u00f5es que os respons\u00e1veis pelo tratamento devem fornecer aos usu\u00e1rios quando estes acessam p\u00e1ginas web, independentemente da finalidade do acesso.<\/p>\n\n\n\n<h3 class=\"wp-block-heading\">O &#8220;respons\u00e1vel&#8221; pelo tratamento<\/h3>\n\n\n\n<p>Ap\u00f3s a consulta deste site, podem ser tratados dados relativos a pessoas identificadas ou identific\u00e1veis. O &#8220;respons\u00e1vel&#8221; pelo tratamento \u00e9 o Studio Legale PALMIERI, com sede na Via Gaggi, 2 \u2013 Garzola Superiore, Como (CO), It\u00e1lia.<\/p>\n\n\n\n<h3 class=\"wp-block-heading\">Local de tratamento dos dados<\/h3>\n\n\n\n<p>O tratamento relacionado aos servi\u00e7os web deste site ocorre na sede mencionada do Respons\u00e1vel e \u00e9 realizado exclusivamente por pessoas autorizadas pelo mesmo.<\/p>\n\n\n\n<h3 class=\"wp-block-heading\">Tipos de dados tratados<\/h3>\n\n\n\n<h4 class=\"wp-block-heading\">Dados de navega\u00e7\u00e3o<\/h4>\n\n\n\n<p>Os sistemas inform\u00e1ticos e os procedimentos de software respons\u00e1veis pelo funcionamento deste site web adquirem, durante seu funcionamento normal, alguns dados pessoais cuja transmiss\u00e3o \u00e9 impl\u00edcita no uso dos protocolos de comunica\u00e7\u00e3o da Internet.<\/p>\n\n\n\n<p>Trata-se de informa\u00e7\u00f5es que n\u00e3o s\u00e3o coletadas para serem associadas a titulares identificados, mas que, pela sua pr\u00f3pria natureza, podem permitir a identifica\u00e7\u00e3o dos usu\u00e1rios por meio de associa\u00e7\u00f5es com dados de terceiros.<\/p>\n\n\n\n<p>Nesta categoria de dados incluem-se: endere\u00e7os IP ou nomes de dom\u00ednio dos computadores utilizados pelos usu\u00e1rios, URI (Uniform Resource Identifier) das p\u00e1ginas solicitadas, hor\u00e1rio da solicita\u00e7\u00e3o, m\u00e9todo utilizado para submeter a solicita\u00e7\u00e3o ao servidor, tamanho do arquivo obtido em resposta, c\u00f3digo num\u00e9rico indicando o status da resposta do servidor (sucesso, erro etc.) e outros par\u00e2metros relativos ao sistema operacional e ao ambiente inform\u00e1tico do usu\u00e1rio.<\/p>\n\n\n\n<p>Esses dados s\u00e3o utilizados exclusivamente para obter informa\u00e7\u00f5es estat\u00edsticas an\u00f4nimas sobre o uso do site e para verificar seu correto funcionamento, sendo eliminados imediatamente ap\u00f3s o processamento. Os dados podem ser utilizados para apura\u00e7\u00e3o de responsabilidades em caso de poss\u00edveis crimes inform\u00e1ticos contra o site. Exceto por essa possibilidade, os dados de contatos na web n\u00e3o persistem por mais de sete dias.<\/p>\n\n\n\n<h4 class=\"wp-block-heading\">Dados fornecidos voluntariamente pelo usu\u00e1rio<\/h4>\n\n\n\n<p>O envio facultativo, expl\u00edcito e volunt\u00e1rio de e-mails para os endere\u00e7os indicados neste site implica a aquisi\u00e7\u00e3o do endere\u00e7o do remetente, necess\u00e1rio para responder \u00e0s solicita\u00e7\u00f5es, bem como outros dados pessoais eventualmente inclu\u00eddos na mensagem.<\/p>\n\n\n\n<p>Informa\u00e7\u00f5es espec\u00edficas resumidas ser\u00e3o progressivamente mostradas ou exibidas nas p\u00e1ginas do site preparadas para servi\u00e7os espec\u00edficos mediante solicita\u00e7\u00e3o.<\/p>\n\n\n\n<h3 class=\"wp-block-heading\">Seguran\u00e7a dos dados fornecidos<\/h3>\n\n\n\n<p>Este site trata os dados dos usu\u00e1rios de forma l\u00edcita e correta, adotando as medidas de seguran\u00e7a adequadas para impedir acessos n\u00e3o autorizados, divulga\u00e7\u00e3o, modifica\u00e7\u00e3o ou destrui\u00e7\u00e3o n\u00e3o autorizada dos dados. O tratamento \u00e9 realizado por meios inform\u00e1ticos e\/ou telem\u00e1ticos, com m\u00e9todos organizacionais e com l\u00f3gica estritamente relacionada \u00e0s finalidades indicadas.<\/p>\n\n\n\n<p>Al\u00e9m do respons\u00e1vel, em alguns casos, podem ter acesso aos dados:<\/p>\n\n\n\n<ul class=\"wp-block-list\">\n<li>pessoas autorizadas pertencentes \u00e0 nossa empresa;<\/li>\n\n\n\n<li>terceiros que eventualmente prestem servi\u00e7os de gest\u00e3o de sistemas inform\u00e1ticos e do site;<\/li>\n\n\n\n<li>sujeitos aos quais o acesso \u00e9 permitido por disposi\u00e7\u00f5es legais ou regulamentos;<\/li>\n\n\n\n<li>outros sujeitos previstos por lei.<\/li>\n<\/ul>\n\n\n\n<h3 class=\"wp-block-heading\">Facultatividade da comunica\u00e7\u00e3o dos dados<\/h3>\n\n\n\n<p>Exceto pelo que se refere aos dados de navega\u00e7\u00e3o, o usu\u00e1rio \u00e9 livre para fornecer os dados pessoais indicados nos formul\u00e1rios para solicita\u00e7\u00e3o de or\u00e7amentos ou informa\u00e7\u00f5es sobre os servi\u00e7os oferecidos.<\/p>\n\n\n\n<p>A n\u00e3o comunica\u00e7\u00e3o desses dados pode impossibilitar a obten\u00e7\u00e3o do que foi solicitado.<\/p>\n\n\n\n<p><\/p>\n\n\n\n<h3 class=\"wp-block-heading\">Conte\u00fado em plataformas externas<\/h3>\n\n\n\n<p>Esses servi\u00e7os permitem visualizar conte\u00fados hospedados em plataformas externas diretamente das p\u00e1ginas deste site e interagir com eles. Mesmo que os usu\u00e1rios n\u00e3o utilizem o servi\u00e7o, ele pode coletar dados de tr\u00e1fego.<\/p>\n\n\n\n<p><strong>Google Fonts<\/strong><br>Servi\u00e7o de visualiza\u00e7\u00e3o de fontes gerenciado por Google LLC ou Google Ireland Limited.<br>Local de tratamento: EUA \u2013 Irlanda \u2013 [Pol\u00edtica de Privacidade]<\/p>\n\n\n\n<h3 class=\"wp-block-heading\">Modalidades de tratamento e tempo de conserva\u00e7\u00e3o dos dados<\/h3>\n\n\n\n<p>Os dados pessoais s\u00e3o tratados com instrumentos automatizados pelo tempo estritamente necess\u00e1rio \u00e0s finalidades para as quais foram coletados, bem como por meios n\u00e3o automatizados (inclusive papel).<\/p>\n\n\n\n<p>Medidas espec\u00edficas de seguran\u00e7a s\u00e3o adotadas para evitar perda de dados, usos il\u00edcitos ou incorretos e acessos n\u00e3o autorizados.<\/p>\n\n\n\n<p>Os dados coletados por e-mail ser\u00e3o armazenados at\u00e9 o vencimento legal (em papel) ou, nos termos do art. 13, \u00a72, al\u00ednea a) segunda parte do Reg. UE 2016\/679, por um per\u00edodo vari\u00e1vel, conforme crit\u00e9rios de balanceamento de interesses leg\u00edtimos da empresa (relacionados a auditorias fiscais, lit\u00edgios, inadimpl\u00eancia, finalidades estat\u00edsticas, etc.).<\/p>\n\n\n\n<hr class=\"wp-block-separator has-alpha-channel-opacity\"\/>\n\n\n\n<h3 class=\"wp-block-heading\">Direitos dos titulares dos dado<\/h3>\n\n\n\n<p>Nos termos do art. 13, \u00a72, al\u00edneas b), c), d) do Regulamento (UE) 2016\/679, os titulares dos dados podem, a qualquer momento, exercer os seguintes direitos perante o Respons\u00e1vel:<\/p>\n\n\n\n<ul class=\"wp-block-list\">\n<li>Direito de acesso (art. 15);<\/li>\n\n\n\n<li>Direito de retifica\u00e7\u00e3o (art. 16);<\/li>\n\n\n\n<li>Direito de elimina\u00e7\u00e3o (art. 17);<\/li>\n\n\n\n<li>Direito \u00e0 limita\u00e7\u00e3o (art. 18);<\/li>\n\n\n\n<li>Direito \u00e0 portabilidade (art. 20);<\/li>\n\n\n\n<li>Direito de oposi\u00e7\u00e3o (art. 21);<\/li>\n\n\n\n<li>Direito de apresentar reclama\u00e7\u00e3o a uma autoridade de controle (art. 77);<\/li>\n\n\n\n<li>Direito de revogar o consentimento, nos termos do art. 6, \u00a71, al\u00ednea a) ou do art. 9, \u00a72, al\u00ednea a).<\/li>\n<\/ul>\n\n\n\n<p><strong>Solicita\u00e7\u00f5es devem ser feitas para:<\/strong><\/p>\n\n\n\n<ul class=\"wp-block-list\">\n<li>E-mail:&nbsp;<a>avvocatofamiglia@palmierilegale.com<\/a><\/li>\n\n\n\n<li>Telefone: +39 348 3851883<\/li>\n<\/ul>\n\n\n\n<h3 class=\"wp-block-heading\">Pol\u00edtica de Cookies<\/h3>\n\n\n\n<p><strong>O que s\u00e3o cookies?<\/strong><\/p>\n\n\n\n<p>Cookies s\u00e3o informa\u00e7\u00f5es que um servidor pode enviar ao seu PC, smartphone ou tablet ao visitar um site ou usar uma rede social. O mesmo servidor pode ent\u00e3o ler e registrar os cookies para obter diferentes tipos de informa\u00e7\u00f5es.<\/p>\n\n\n\n<p>Cookies podem facilitar a navega\u00e7\u00e3o (cookies t\u00e9cnicos), ou rastrear prefer\u00eancias e comportamentos (cookies de perfil), inclusive de terceiros.<\/p>\n\n\n\n<h3 class=\"wp-block-heading\">Tipos de Cookies<\/h3>\n\n\n\n<p><strong>Cookies t\u00e9cnicos<\/strong><br>Essenciais para o funcionamento do site, como salvar idioma ou carrinho de compras. Incluem cookies de navega\u00e7\u00e3o, an\u00e1lise (quando usados pelo pr\u00f3prio site), e de funcionalidade.<\/p>\n\n\n\n<p><strong>Cookies de profila\u00e7\u00e3o<\/strong><br>Monitoram navega\u00e7\u00e3o para criar perfis e mostrar publicidade personalizada.<\/p>\n\n\n\n<p><strong>Cookies de terceiros<\/strong><br>Cookies definidos por dom\u00ednios externos, como redes sociais, para funcionalidades de compartilhamento ou exibi\u00e7\u00e3o de conte\u00fado.<\/p>\n\n\n\n<h3 class=\"wp-block-heading\">Cookies usados por este site<\/h3>\n\n\n\n<p>Os cookies utilizados est\u00e3o listados na tabela abaixo:<\/p>\n\n\n\n<div class=\"wt-cli-element cli_cookie_category_single\"><div class=\"cli_cookie_category_single\"><h5 class=\"cli_cookie_category_single_hd\">Necessary<\/h5><div class=\"cli_cookie_category_single_description\"><p>Esses cookies s\u00e3o estritamente necess\u00e1rios para fornecer os servi\u00e7os dispon\u00edveis por meio do nosso site e para permitir a utiliza\u00e7\u00e3o de algumas de suas funcionalidades.\r\n\r\nComo esses cookies s\u00e3o estritamente necess\u00e1rios para a utiliza\u00e7\u00e3o do site, n\u00e3o \u00e9 poss\u00edvel recus\u00e1-los sem afetar o funcionamento do nosso site. \u00c9 poss\u00edvel bloque\u00e1-los ou exclu\u00ed-los alterando as configura\u00e7\u00f5es do navegador e impor o bloqueio de todos os cookies neste site.\r\n\r\n<table class=\"wt-cli-element cookielawinfo-row-cat-table cookielawinfo-winter\"><thead><tr><th scope=\"col\" class=\"cookielawinfo-column-1\">Cookie<\/th><th scope=\"col\" class=\"cookielawinfo-column-3\">Dura\u00e7\u00e3o<\/th><th scope=\"col\" class=\"cookielawinfo-column-4\">Descri\u00e7\u00e3o<\/th><\/tr><\/thead><tbody><tr class=\"cookielawinfo-row\"><td class=\"cookielawinfo-column-1\">cookielawinfo-checkbox-necessary<\/td><td class=\"cookielawinfo-column-3\">11 months<\/td><td class=\"cookielawinfo-column-4\">This cookie is set by GDPR Cookie Consent plugin. The cookies is used to store the user consent for the cookies in the category \"Necessary\".<\/td><\/tr><tr class=\"cookielawinfo-row\"><td class=\"cookielawinfo-column-1\">CookieLawInfoConsent<\/td><td class=\"cookielawinfo-column-3\">1 year<\/td><td class=\"cookielawinfo-column-4\">CookieYes sets this cookie to record the default button state of the corresponding category and the status of CCPA. It works only in coordination with the primary cookie.<\/td><\/tr><tr class=\"cookielawinfo-row\"><td class=\"cookielawinfo-column-1\">elementor<\/td><td class=\"cookielawinfo-column-3\">never<\/td><td class=\"cookielawinfo-column-4\">This cookie is used by the website's WordPress theme. It allows the website owner to implement or change the website's content in real-time.<\/td><\/tr><tr class=\"cookielawinfo-row\"><td class=\"cookielawinfo-column-1\">viewed_cookie_policy<\/td><td class=\"cookielawinfo-column-3\">11 months<\/td><td class=\"cookielawinfo-column-4\">The cookie is set by the GDPR Cookie Consent plugin and is used to store whether or not user has consented to the use of cookies. It does not store any personal data.<\/td><\/tr><tr class=\"cookielawinfo-row\"><td class=\"cookielawinfo-column-1\">wp-wpml_current_language<\/td><td class=\"cookielawinfo-column-3\">session<\/td><td class=\"cookielawinfo-column-4\">WordPress multilingual plugin sets this cookie to store the current language\/language settings.<\/td><\/tr><\/tbody><\/table><\/p><\/div><\/div><\/div>\n\n\n\n<p><strong>Servi\u00e7os que instalam cookies de terceiros:<\/strong><\/p>\n\n\n\n<p><strong>Google Fonts<\/strong><br>Servi\u00e7o de visualiza\u00e7\u00e3o de fontes da Google LLC \/ Google Ireland Ltd.<br>Local: EUA \u2013 Irlanda \u2013 [Pol\u00edtica de Privacidade]<\/p>\n\n\n\n<h3 class=\"wp-block-heading\">Como controlar ou excluir cookies<\/h3>\n\n\n\n<p>A maioria dos navegadores permite configurar prefer\u00eancias para aceitar, controlar ou desabilitar cookies:<\/p>\n\n\n\n<ul class=\"wp-block-list\">\n<li>Microsoft Edge<\/li>\n\n\n\n<li>Chrome \/ Windows Phone<\/li>\n\n\n\n<li>Safari \/ iOS<\/li>\n\n\n\n<li>Firefox<\/li>\n<\/ul>\n\n\n\n<p>Para mais informa\u00e7\u00f5es:&nbsp;<a class=\"\" href=\"http:\/\/www.youronlinechoices.com\/\">www.youronlinechoices.com<\/a><\/p>\n\n\n\n<p>Desabilitar cookies pode impactar a experi\u00eancia do usu\u00e1rio no site.<\/p>\n\n\n\n<h3 class=\"wp-block-heading\">Data de atualiza\u00e7\u00e3o<\/h3>\n\n\n\n<p>O documento foi atualizado em&nbsp;<strong>28\/05\/2025<\/strong>&nbsp;para estar em conformidade com as disposi\u00e7\u00f5es legais aplic\u00e1veis.<\/p>\n","protected":false},"excerpt":{"rendered":"<p>Aviso Nesta p\u00e1gina s\u00e3o descritas as modalidades de gest\u00e3o do site com refer\u00eancia ao tratamento dos dados pessoais dos usu\u00e1rios que o consultam. Esta \u00e9 uma informa\u00e7\u00e3o prestada tamb\u00e9m nos termos do art. 13 do Regulamento (UE) 2016\/679 \u2013 Regulamento Geral sobre a Prote\u00e7\u00e3o de Dados \u2013 para aqueles que interagem com os servi\u00e7os web [&hellip;]<\/p>\n","protected":false},"author":7,"featured_media":0,"parent":0,"menu_order":0,"comment_status":"closed","ping_status":"open","template":"","meta":{"footnotes":""},"class_list":["post-528","page","type-page","status-publish","hentry"],"yoast_head":"<!-- This site is optimized with the Yoast SEO plugin v27.3 - https:\/\/yoast.com\/product\/yoast-seo-wordpress\/ -->\n<title>Privacy Policy - Escrit\u00f3rio de Advocacia Palmieri<\/title>\n<meta name=\"robots\" content=\"index, follow, max-snippet:-1, max-image-preview:large, max-video-preview:-1\" \/>\n<link rel=\"canonical\" href=\"https:\/\/palmierilegale.com\/pt-br\/privacy-policy\/\" \/>\n<meta property=\"og:locale\" content=\"pt_BR\" \/>\n<meta property=\"og:type\" content=\"article\" \/>\n<meta property=\"og:title\" content=\"Privacy Policy - Escrit\u00f3rio de Advocacia Palmieri\" \/>\n<meta property=\"og:description\" content=\"Aviso Nesta p\u00e1gina s\u00e3o descritas as modalidades de gest\u00e3o do site com refer\u00eancia ao tratamento dos dados pessoais dos usu\u00e1rios que o consultam. Esta \u00e9 uma informa\u00e7\u00e3o prestada tamb\u00e9m nos termos do art. 13 do Regulamento (UE) 2016\/679 \u2013 Regulamento Geral sobre a Prote\u00e7\u00e3o de Dados \u2013 para aqueles que interagem com os servi\u00e7os web [&hellip;]\" \/>\n<meta property=\"og:url\" content=\"https:\/\/palmierilegale.com\/pt-br\/privacy-policy\/\" \/>\n<meta property=\"og:site_name\" content=\"Escrit\u00f3rio de Advocacia Palmieri\" \/>\n<meta property=\"article:modified_time\" content=\"2025-05-28T07:54:36+00:00\" \/>\n<meta name=\"twitter:card\" content=\"summary_large_image\" \/>\n<meta name=\"twitter:label1\" content=\"Est. tempo de leitura\" \/>\n\t<meta name=\"twitter:data1\" content=\"8 minutos\" \/>\n<script type=\"application\/ld+json\" class=\"yoast-schema-graph\">{\"@context\":\"https:\\\/\\\/schema.org\",\"@graph\":[{\"@type\":\"WebPage\",\"@id\":\"https:\\\/\\\/palmierilegale.com\\\/pt-br\\\/privacy-policy\\\/\",\"url\":\"https:\\\/\\\/palmierilegale.com\\\/pt-br\\\/privacy-policy\\\/\",\"name\":\"Privacy Policy - Escrit\u00f3rio de Advocacia Palmieri\",\"isPartOf\":{\"@id\":\"https:\\\/\\\/palmierilegale.com\\\/pt-br\\\/#website\"},\"datePublished\":\"2021-01-20T16:31:32+00:00\",\"dateModified\":\"2025-05-28T07:54:36+00:00\",\"breadcrumb\":{\"@id\":\"https:\\\/\\\/palmierilegale.com\\\/pt-br\\\/privacy-policy\\\/#breadcrumb\"},\"inLanguage\":\"pt-BR\",\"potentialAction\":[{\"@type\":\"ReadAction\",\"target\":[\"https:\\\/\\\/palmierilegale.com\\\/pt-br\\\/privacy-policy\\\/\"]}]},{\"@type\":\"BreadcrumbList\",\"@id\":\"https:\\\/\\\/palmierilegale.com\\\/pt-br\\\/privacy-policy\\\/#breadcrumb\",\"itemListElement\":[{\"@type\":\"ListItem\",\"position\":1,\"name\":\"Home\",\"item\":\"https:\\\/\\\/palmierilegale.com\\\/pt-br\\\/\"},{\"@type\":\"ListItem\",\"position\":2,\"name\":\"Privacy Policy\"}]},{\"@type\":\"WebSite\",\"@id\":\"https:\\\/\\\/palmierilegale.com\\\/pt-br\\\/#website\",\"url\":\"https:\\\/\\\/palmierilegale.com\\\/pt-br\\\/\",\"name\":\"Studio Legale Palmieri\",\"description\":\"\",\"publisher\":{\"@id\":\"https:\\\/\\\/palmierilegale.com\\\/pt-br\\\/#organization\"},\"potentialAction\":[{\"@type\":\"SearchAction\",\"target\":{\"@type\":\"EntryPoint\",\"urlTemplate\":\"https:\\\/\\\/palmierilegale.com\\\/pt-br\\\/?s={search_term_string}\"},\"query-input\":{\"@type\":\"PropertyValueSpecification\",\"valueRequired\":true,\"valueName\":\"search_term_string\"}}],\"inLanguage\":\"pt-BR\"},{\"@type\":\"Organization\",\"@id\":\"https:\\\/\\\/palmierilegale.com\\\/pt-br\\\/#organization\",\"name\":\"Studio Legale Palmieri\",\"url\":\"https:\\\/\\\/palmierilegale.com\\\/pt-br\\\/\",\"logo\":{\"@type\":\"ImageObject\",\"inLanguage\":\"pt-BR\",\"@id\":\"https:\\\/\\\/palmierilegale.com\\\/pt-br\\\/#\\\/schema\\\/logo\\\/image\\\/\",\"url\":\"https:\\\/\\\/palmierilegale.com\\\/wp-content\\\/uploads\\\/2021\\\/01\\\/studio-legale-palmieri.webp\",\"contentUrl\":\"https:\\\/\\\/palmierilegale.com\\\/wp-content\\\/uploads\\\/2021\\\/01\\\/studio-legale-palmieri.webp\",\"width\":1750,\"height\":600,\"caption\":\"Studio Legale Palmieri\"},\"image\":{\"@id\":\"https:\\\/\\\/palmierilegale.com\\\/pt-br\\\/#\\\/schema\\\/logo\\\/image\\\/\"}}]}<\/script>\n<!-- \/ Yoast SEO plugin. -->","yoast_head_json":{"title":"Privacy Policy - Escrit\u00f3rio de Advocacia Palmieri","robots":{"index":"index","follow":"follow","max-snippet":"max-snippet:-1","max-image-preview":"max-image-preview:large","max-video-preview":"max-video-preview:-1"},"canonical":"https:\/\/palmierilegale.com\/pt-br\/privacy-policy\/","og_locale":"pt_BR","og_type":"article","og_title":"Privacy Policy - Escrit\u00f3rio de Advocacia Palmieri","og_description":"Aviso Nesta p\u00e1gina s\u00e3o descritas as modalidades de gest\u00e3o do site com refer\u00eancia ao tratamento dos dados pessoais dos usu\u00e1rios que o consultam. Esta \u00e9 uma informa\u00e7\u00e3o prestada tamb\u00e9m nos termos do art. 13 do Regulamento (UE) 2016\/679 \u2013 Regulamento Geral sobre a Prote\u00e7\u00e3o de Dados \u2013 para aqueles que interagem com os servi\u00e7os web [&hellip;]","og_url":"https:\/\/palmierilegale.com\/pt-br\/privacy-policy\/","og_site_name":"Escrit\u00f3rio de Advocacia Palmieri","article_modified_time":"2025-05-28T07:54:36+00:00","twitter_card":"summary_large_image","twitter_misc":{"Est. tempo de leitura":"8 minutos"},"schema":{"@context":"https:\/\/schema.org","@graph":[{"@type":"WebPage","@id":"https:\/\/palmierilegale.com\/pt-br\/privacy-policy\/","url":"https:\/\/palmierilegale.com\/pt-br\/privacy-policy\/","name":"Privacy Policy - Escrit\u00f3rio de Advocacia Palmieri","isPartOf":{"@id":"https:\/\/palmierilegale.com\/pt-br\/#website"},"datePublished":"2021-01-20T16:31:32+00:00","dateModified":"2025-05-28T07:54:36+00:00","breadcrumb":{"@id":"https:\/\/palmierilegale.com\/pt-br\/privacy-policy\/#breadcrumb"},"inLanguage":"pt-BR","potentialAction":[{"@type":"ReadAction","target":["https:\/\/palmierilegale.com\/pt-br\/privacy-policy\/"]}]},{"@type":"BreadcrumbList","@id":"https:\/\/palmierilegale.com\/pt-br\/privacy-policy\/#breadcrumb","itemListElement":[{"@type":"ListItem","position":1,"name":"Home","item":"https:\/\/palmierilegale.com\/pt-br\/"},{"@type":"ListItem","position":2,"name":"Privacy Policy"}]},{"@type":"WebSite","@id":"https:\/\/palmierilegale.com\/pt-br\/#website","url":"https:\/\/palmierilegale.com\/pt-br\/","name":"Studio Legale Palmieri","description":"","publisher":{"@id":"https:\/\/palmierilegale.com\/pt-br\/#organization"},"potentialAction":[{"@type":"SearchAction","target":{"@type":"EntryPoint","urlTemplate":"https:\/\/palmierilegale.com\/pt-br\/?s={search_term_string}"},"query-input":{"@type":"PropertyValueSpecification","valueRequired":true,"valueName":"search_term_string"}}],"inLanguage":"pt-BR"},{"@type":"Organization","@id":"https:\/\/palmierilegale.com\/pt-br\/#organization","name":"Studio Legale Palmieri","url":"https:\/\/palmierilegale.com\/pt-br\/","logo":{"@type":"ImageObject","inLanguage":"pt-BR","@id":"https:\/\/palmierilegale.com\/pt-br\/#\/schema\/logo\/image\/","url":"https:\/\/palmierilegale.com\/wp-content\/uploads\/2021\/01\/studio-legale-palmieri.webp","contentUrl":"https:\/\/palmierilegale.com\/wp-content\/uploads\/2021\/01\/studio-legale-palmieri.webp","width":1750,"height":600,"caption":"Studio Legale Palmieri"},"image":{"@id":"https:\/\/palmierilegale.com\/pt-br\/#\/schema\/logo\/image\/"}}]}},"_links":{"self":[{"href":"https:\/\/palmierilegale.com\/pt-br\/wp-json\/wp\/v2\/pages\/528","targetHints":{"allow":["GET"]}}],"collection":[{"href":"https:\/\/palmierilegale.com\/pt-br\/wp-json\/wp\/v2\/pages"}],"about":[{"href":"https:\/\/palmierilegale.com\/pt-br\/wp-json\/wp\/v2\/types\/page"}],"author":[{"embeddable":true,"href":"https:\/\/palmierilegale.com\/pt-br\/wp-json\/wp\/v2\/users\/7"}],"replies":[{"embeddable":true,"href":"https:\/\/palmierilegale.com\/pt-br\/wp-json\/wp\/v2\/comments?post=528"}],"version-history":[{"count":5,"href":"https:\/\/palmierilegale.com\/pt-br\/wp-json\/wp\/v2\/pages\/528\/revisions"}],"predecessor-version":[{"id":666,"href":"https:\/\/palmierilegale.com\/pt-br\/wp-json\/wp\/v2\/pages\/528\/revisions\/666"}],"wp:attachment":[{"href":"https:\/\/palmierilegale.com\/pt-br\/wp-json\/wp\/v2\/media?parent=528"}],"curies":[{"name":"wp","href":"https:\/\/api.w.org\/{rel}","templated":true}]}}